{"id":3,"date":"2023-01-23T12:58:06","date_gmt":"2023-01-23T11:58:06","guid":{"rendered":"https:\/\/www.stefanoferraraforni.it\/?page_id=3"},"modified":"2023-03-01T15:57:40","modified_gmt":"2023-03-01T14:57:40","slug":"privacy-policy","status":"publish","type":"page","link":"https:\/\/www.stefanoferraraforni.it\/en\/privacy-policy\/","title":{"rendered":"Privacy Policy"},"content":{"rendered":"\r\n<p>La<span>\u00a0<\/span><strong>Privacy Policy<\/strong><span>\u00a0<\/span>\u00e8 volta a descrivere la gestione dei dati personali raccolti da<span>\u00a0<\/span><strong>Stefano Ferrara Forni srl<\/strong><span>\u00a0<\/span>in persona del legale rappresentante pro-tempore con sede in Via F. Coppi, 3\/B\u2013 80010 Quarto &#8211; Napoli, in qualit\u00e0 di Titolare del trattamento dei dati personali ai sensi del Regolamento UE 2016\/679 del 27 aprile 2016 relativo alla protezione delle persone fisiche con riguardo al trattamento dei dati personali (di seguito, \u201cRegolamento\u201d) informa ai sensi dell\u2019art. 13 Regolamento che proceder\u00e0 al trattamento dei dati personali riferiti ai clienti o ai soggetti che richiedono informazioni tramite form (laddove siano persone fisiche), attraverso questo sito web.<\/p>\r\n<p><strong>RACCOLTA DEI DATI PERSONALI<\/strong><span>\u00a0<\/span>I dati personali che possono essere raccolti sono i seguenti:<\/p>\r\n<ul>\r\n<li>a. dati personali forniti per ricevere un servizio specifico (es. nome e dati di contatto);<\/li>\r\n<li>b. dati di navigazione (es. indirizzo IP, ubicazione &#8211; paese -, informazioni sulle pagine visitate dall&#8217;utente all&#8217;interno del sito web, tempo di accesso sul sito web, tempo di navigazione su ciascuna pagina, analisi clickstream. Sebbene la Societ\u00e0 non raccolga queste informazioni per associarle ad utenti specifici, \u00e8 possibile identificare tali utenti direttamente tramite tali informazioni o utilizzando altre informazioni raccolte);<\/li>\r\n<li>c. cookie (cio\u00e8 file di testo di piccole dimensioni che possono essere inviati e registrati sul computer dell&#8217;utente dai siti web visitati, per essere poi ritrasmessi agli stessi siti quando l&#8217;utente li visita di nuovo. Per ulteriori dettagli, si rimanda alla Cookie Policy presente sul sito web).<\/li>\r\n<\/ul>\r\n<p><strong>FINALIT\u00c0 E MODALIT\u00c0 DEL TRATTAMENTO<\/strong><span>\u00a0<\/span>I dati personali raccolti (\u201cDati\u201d) possono essere trattati per le seguenti finalit\u00e0: a. dare esecuzione a una specifica richiesta dell&#8217;utente o fornire il servizio richiesto (&#8220;Servizio&#8221;); b. migliorare l&#8217;esperienza dell&#8217;utente sui siti web della Societ\u00e0.<br \/>I Dati potranno essere trattati con modalit\u00e0 cartacee, automatizzate o elettroniche.<\/p>\r\n<p><strong>ALTRI SOGGETTI CHE POSSONO TRATTARE I DATI<\/strong><span>\u00a0<\/span>I Dati potranno essere trattati da soggetti operanti per conto della Societ\u00e0 ed in forza di specifici vincoli contrattuali, in Paesi membri UE o extra UE. I Dati potranno essere comunicati a terzi per adempiere ad obblighi di legge, per rispettare ordini provenienti da pubbliche autorit\u00e0 o per esercitare un diritto della Societ\u00e0 in sede giudiziaria.<\/p>\r\n<p><strong>TRASFERIMENTO DEI DATI AL DI FUORI DELLLO SPAZIO ECONOMICO EUROPEO (SEE)<\/strong><span>\u00a0<\/span>Nell&#8217;ambito dei rapporti contrattuali della Societ\u00e0 i Dati potranno essere trasferiti al di fuori del territorio dello Spazio Economico Europeo (SEE), anche mediante l&#8217;inserimento degli stessi in database gestiti da societ\u00e0 terze, operanti per conto della Societ\u00e0. La gestione dei database ed il trattamento dei Dati sono vincolati alle finalit\u00e0 per cui gli stessi sono stati raccolti ed avvengono nel massimo rispetto della legge applicabile sulla protezione dei dati personali. Tutte le volte in cui i Dati dovessero essere oggetto di trasferimento al di fuori del SEE, la Societ\u00e0 adotter\u00e0 ogni misura contrattuale idonea e necessaria a garantire un adeguato livello di protezione dei Dati, inclusi &#8211; tra gli altri &#8211; gli accordi basati sulle clausole contrattuali standard per il trasferimento dei dati al di fuori del SEE, approvate dalla Commissione Europea.<\/p>\r\n<p><strong>COLLEGAMENTO A SITI WEB DI TERZE PARTI<\/strong><span>\u00a0<\/span>I siti Web di terze parti accessibili da questo sito sono sotto la responsabilit\u00e0 di terze parti. La Societ\u00e0 declina ogni responsabilit\u00e0 in merito a richieste e\/o fornitura di dati personali a siti web di terze parti.<\/p>\r\n<p><strong>TITOLARE DEL TRATTAMENTO<\/strong><span>\u00a0<\/span>Titolare del trattamento \u00e8 Stefano Ferrara Forni srl<\/p>\r\n<p><strong>CONSERVAZIONE DEI DATI<\/strong><span>\u00a0<\/span>I Dati trattati per fornire il Servizio saranno conservati dalla Societ\u00e0 per il periodo ritenuto strettamente necessario a conseguire tali finalit\u00e0. Tuttavia, la Societ\u00e0 potr\u00e0 continuare a conservare tali Dati per un periodo superiore, al fine di poter gestire eventuali contestazioni legate alla fornitura del Servizio. I Dati trattati per migliorare l&#8217;esperienza dell&#8217;utente sui siti web saranno conservati per i periodi indicati nella Cookie Policy.<\/p>\r\n<p><strong>I DIRITTI DELL\u2019INTERESSATO<\/strong><span>\u00a0<\/span>All\u2019interessato sono riconosciuti i seguenti diritti:<\/p>\r\n<ul>\r\n<li>a. diritto di accesso, ossia il diritto di ottenere dalla Societ\u00e0 la conferma che sia o meno in corso il trattamento dei Dati e, in tal caso, di ottenerne l&#8217;accesso;<\/li>\r\n<li>b. diritto di rettifica e cancellazione, ossia il diritto di ottenere la rettifica di Dati inesatti e\/o l&#8217;integrazione di Dati incompleti o la cancellazione dei Dati per motivi legittimi;<\/li>\r\n<li>c. diritto alla limitazione del trattamento, ossia il diritto a richiedere la sospensione del trattamento qualora sussistano motivi legittimi;<\/li>\r\n<li>d. diritto alla portabilit\u00e0 dei dati, ossia il diritto di ricevere in un formato strutturato, di uso comune e leggibile i Dati, nonch\u00e9 il diritto di trasmettere i Dati ad un altro titolare del trattamento;<\/li>\r\n<li>e. diritto di opposizione, ossia il diritto opporsi al trattamento dei Dati qualora sussistano motivi legittimi, ivi compresi i trattamenti di Dati per finalit\u00e0 di marketing e profilazione, se previsti;<\/li>\r\n<li>f. diritto di rivolgersi all&#8217;autorit\u00e0 per la protezione dei dati competente in caso di trattamento illecito dei Dati. L\u2019interessato potr\u00e0 esercitare i diritti sopra elencati scrivendo a Stefano Ferrara Forni srl nella sezione \u201ccontatti\u201d del sito.<\/li>\r\n<\/ul>\r\n<p><strong>MODIFICHE<\/strong><span>\u00a0<\/span>Questa Privacy Policy \u00e8 entrata in vigore in data 25\/05\/2018. La Societ\u00e0 si riserva il diritto di modificare parzialmente o integralmente la Privacy Policy o semplicemente di aggiornarne il contenuto (ad esempio in seguito a modifiche della legge applicabile). La Societ\u00e0 pubblicher\u00e0 qualsiasi aggiornamento su questo sito web.<\/p>\r\n","protected":false},"excerpt":{"rendered":"<p>La\u00a0Privacy Policy\u00a0\u00e8 volta a descrivere la gestione dei dati personali raccolti da\u00a0Stefano Ferrara Forni srl\u00a0in persona del legale rappresentante pro-tempore con sede in Via F. Coppi, 3\/B\u2013 80010 Quarto &#8211; Napoli, in qualit\u00e0 di Titolare del trattamento dei dati personali ai sensi del Regolamento UE 2016\/679 del 27 aprile 2016<\/p>\n","protected":false},"author":1,"featured_media":0,"parent":0,"menu_order":0,"comment_status":"closed","ping_status":"closed","template":"","meta":{"footnotes":""},"class_list":["post-3","page","type-page","status-publish","hentry"],"aioseo_notices":[],"_links":{"self":[{"href":"https:\/\/www.stefanoferraraforni.it\/en\/wp-json\/wp\/v2\/pages\/3","targetHints":{"allow":["GET"]}}],"collection":[{"href":"https:\/\/www.stefanoferraraforni.it\/en\/wp-json\/wp\/v2\/pages"}],"about":[{"href":"https:\/\/www.stefanoferraraforni.it\/en\/wp-json\/wp\/v2\/types\/page"}],"author":[{"embeddable":true,"href":"https:\/\/www.stefanoferraraforni.it\/en\/wp-json\/wp\/v2\/users\/1"}],"replies":[{"embeddable":true,"href":"https:\/\/www.stefanoferraraforni.it\/en\/wp-json\/wp\/v2\/comments?post=3"}],"version-history":[{"count":2,"href":"https:\/\/www.stefanoferraraforni.it\/en\/wp-json\/wp\/v2\/pages\/3\/revisions"}],"predecessor-version":[{"id":9971,"href":"https:\/\/www.stefanoferraraforni.it\/en\/wp-json\/wp\/v2\/pages\/3\/revisions\/9971"}],"wp:attachment":[{"href":"https:\/\/www.stefanoferraraforni.it\/en\/wp-json\/wp\/v2\/media?parent=3"}],"curies":[{"name":"wp","href":"https:\/\/api.w.org\/{rel}","templated":true}]}}